{"id":47,"date":"2021-06-23T11:40:45","date_gmt":"2021-06-23T09:40:45","guid":{"rendered":"https:\/\/dns-audio.com\/?page_id=47"},"modified":"2025-04-18T18:29:16","modified_gmt":"2025-04-18T16:29:16","slug":"mixing","status":"publish","type":"page","link":"https:\/\/dns-audio.com\/index.php\/mixing\/","title":{"rendered":"Dienstleistungen"},"content":{"rendered":"\t\t<div data-elementor-type=\"wp-page\" data-elementor-id=\"47\" class=\"elementor elementor-47\" data-elementor-settings=\"[]\">\n\t\t\t\t\t\t\t<div class=\"elementor-section-wrap\">\n\t\t\t\t\t\t\t<section class=\"elementor-section elementor-top-section elementor-element elementor-element-66601b6 elementor-section-boxed elementor-section-height-default elementor-section-height-default\" data-id=\"66601b6\" data-element_type=\"section\">\n\t\t\t\t\t\t<div class=\"elementor-container elementor-column-gap-default\">\n\t\t\t\t\t<div class=\"elementor-column elementor-col-100 elementor-top-column elementor-element elementor-element-ed0e6f4\" data-id=\"ed0e6f4\" data-element_type=\"column\">\n\t\t\t<div class=\"elementor-widget-wrap elementor-element-populated\">\n\t\t\t\t\t\t\t\t<div class=\"elementor-element elementor-element-50ba6fb elementor-widget elementor-widget-heading\" data-id=\"50ba6fb\" data-element_type=\"widget\" data-widget_type=\"heading.default\">\n\t\t\t\t<div class=\"elementor-widget-container\">\n\t\t\t<h2 class=\"elementor-heading-title elementor-size-default\">Professionelles Mixing & Mastering<\/h2>\t\t<\/div>\n\t\t\t\t<\/div>\n\t\t\t\t<div class=\"elementor-element elementor-element-75e06ec elementor-widget elementor-widget-spacer\" data-id=\"75e06ec\" data-element_type=\"widget\" data-widget_type=\"spacer.default\">\n\t\t\t\t<div class=\"elementor-widget-container\">\n\t\t\t\t\t<div class=\"elementor-spacer\">\n\t\t\t<div class=\"elementor-spacer-inner\"><\/div>\n\t\t<\/div>\n\t\t\t\t<\/div>\n\t\t\t\t<\/div>\n\t\t\t\t\t<\/div>\n\t\t<\/div>\n\t\t\t\t\t\t\t<\/div>\n\t\t<\/section>\n\t\t\t\t<section class=\"elementor-section elementor-top-section elementor-element elementor-element-8234f3c elementor-section-boxed elementor-section-height-default elementor-section-height-default\" data-id=\"8234f3c\" data-element_type=\"section\">\n\t\t\t\t\t\t<div class=\"elementor-container elementor-column-gap-default\">\n\t\t\t\t\t<div class=\"elementor-column elementor-col-100 elementor-top-column elementor-element elementor-element-f16e2dd\" data-id=\"f16e2dd\" data-element_type=\"column\">\n\t\t\t<div class=\"elementor-widget-wrap elementor-element-populated\">\n\t\t\t\t\t\t\t\t<div class=\"elementor-element elementor-element-e50fe32 elementor-widget elementor-widget-heading\" data-id=\"e50fe32\" data-element_type=\"widget\" data-widget_type=\"heading.default\">\n\t\t\t\t<div class=\"elementor-widget-container\">\n\t\t\t<h2 class=\"elementor-heading-title elementor-size-default\">Der Schl\u00fcssel zu einem erstklassigen Sound<\/h2>\t\t<\/div>\n\t\t\t\t<\/div>\n\t\t\t\t<div class=\"elementor-element elementor-element-40571d9 elementor-widget elementor-widget-spacer\" data-id=\"40571d9\" data-element_type=\"widget\" data-widget_type=\"spacer.default\">\n\t\t\t\t<div class=\"elementor-widget-container\">\n\t\t\t\t\t<div class=\"elementor-spacer\">\n\t\t\t<div class=\"elementor-spacer-inner\"><\/div>\n\t\t<\/div>\n\t\t\t\t<\/div>\n\t\t\t\t<\/div>\n\t\t\t\t\t<\/div>\n\t\t<\/div>\n\t\t\t\t\t\t\t<\/div>\n\t\t<\/section>\n\t\t\t\t<section class=\"elementor-section elementor-top-section elementor-element elementor-element-101e0d0 elementor-section-boxed elementor-section-height-default elementor-section-height-default\" data-id=\"101e0d0\" data-element_type=\"section\">\n\t\t\t\t\t\t<div class=\"elementor-container elementor-column-gap-default\">\n\t\t\t\t\t<div class=\"elementor-column elementor-col-100 elementor-top-column elementor-element elementor-element-d17ea5f\" data-id=\"d17ea5f\" data-element_type=\"column\">\n\t\t\t<div class=\"elementor-widget-wrap elementor-element-populated\">\n\t\t\t\t\t\t\t\t<div class=\"elementor-element elementor-element-4ed9a71 elementor-widget elementor-widget-text-editor\" data-id=\"4ed9a71\" data-element_type=\"widget\" data-widget_type=\"text-editor.default\">\n\t\t\t\t<div class=\"elementor-widget-container\">\n\t\t\t\t\t\t\t\t<blockquote><hr \/><p>Du Hast einen Song aufgenommen oder produziert &#8211; aber es fehlt noch der letzte Feinschliff?\u00a0<\/p><p>Als Audioengineer sorge ich daf\u00fcr , dass dein Track professionell klingt, egal ob f\u00fcr Streaming, Radio oder Clubs.<\/p><\/blockquote>\t\t\t\t\t\t<\/div>\n\t\t\t\t<\/div>\n\t\t\t\t\t<\/div>\n\t\t<\/div>\n\t\t\t\t\t\t\t<\/div>\n\t\t<\/section>\n\t\t\t\t<section class=\"elementor-section elementor-top-section elementor-element elementor-element-7257f62 elementor-section-boxed elementor-section-height-default elementor-section-height-default\" data-id=\"7257f62\" data-element_type=\"section\">\n\t\t\t\t\t\t<div class=\"elementor-container elementor-column-gap-default\">\n\t\t\t\t\t<div class=\"elementor-column elementor-col-100 elementor-top-column elementor-element elementor-element-69cce35\" data-id=\"69cce35\" data-element_type=\"column\">\n\t\t\t<div class=\"elementor-widget-wrap elementor-element-populated\">\n\t\t\t\t\t\t\t\t<div class=\"elementor-element elementor-element-a96aa96 elementor-widget elementor-widget-text-editor\" data-id=\"a96aa96\" data-element_type=\"widget\" data-widget_type=\"text-editor.default\">\n\t\t\t\t<div class=\"elementor-widget-container\">\n\t\t\t\t\t\t\t\t<ul><li><strong>\u00a0Mixing\u00a0<\/strong>ich optimiere jede Spur deines Songs, balanciere Lautst\u00e4rken, setzte Effekte ein und sorge f\u00fcr Klarheit und Druck. So entsteht ein harmonisches Gesamtbild, in dem jedes Instrument im entsprechenden klanglischen Kontext zur Geltung kommt.<br \/><hr \/><hr \/><hr \/><hr \/><\/li><li><strong><strong>Mastering\u00a0<\/strong><\/strong>der finale Soundcheck! Ich maximiere Lautst\u00e4rke, W\u00e4rme und Brillanz deines Songs, damit er auf jedem Ger\u00e4t und jeder Plattform perfekt klingt &#8211; von Kopfh\u00f6rern bis zur Clubanlage.<br \/><hr \/><hr \/><hr \/><hr \/><\/li><li><strong>Das Ergebnis ?\u00a0<\/strong>Ein professioneller, klarer und durchseztungsf\u00e4higer Sound, der deine Musik auf das n\u00e4chste Level hebt!<\/li><\/ul>\t\t\t\t\t\t<\/div>\n\t\t\t\t<\/div>\n\t\t\t\t<div class=\"elementor-element elementor-element-84487ac elementor-widget elementor-widget-spacer\" data-id=\"84487ac\" data-element_type=\"widget\" data-widget_type=\"spacer.default\">\n\t\t\t\t<div class=\"elementor-widget-container\">\n\t\t\t\t\t<div class=\"elementor-spacer\">\n\t\t\t<div class=\"elementor-spacer-inner\"><\/div>\n\t\t<\/div>\n\t\t\t\t<\/div>\n\t\t\t\t<\/div>\n\t\t\t\t\t<\/div>\n\t\t<\/div>\n\t\t\t\t\t\t\t<\/div>\n\t\t<\/section>\n\t\t\t\t<section class=\"elementor-section elementor-top-section elementor-element elementor-element-e9526b elementor-section-boxed elementor-section-height-default elementor-section-height-default\" data-id=\"e9526b\" data-element_type=\"section\">\n\t\t\t\t\t\t<div class=\"elementor-container elementor-column-gap-default\">\n\t\t\t\t\t\t\t\t<\/div>\n\t\t<\/section>\n\t\t\t\t<section class=\"elementor-section elementor-top-section elementor-element elementor-element-14c6ba8 elementor-section-boxed elementor-section-height-default elementor-section-height-default\" data-id=\"14c6ba8\" data-element_type=\"section\">\n\t\t\t\t\t\t<div class=\"elementor-container elementor-column-gap-default\">\n\t\t\t\t\t<div class=\"elementor-column elementor-col-100 elementor-top-column elementor-element elementor-element-cd7f90f\" data-id=\"cd7f90f\" data-element_type=\"column\">\n\t\t\t<div class=\"elementor-widget-wrap elementor-element-populated\">\n\t\t\t\t\t\t\t\t<div class=\"elementor-element elementor-element-65f5e37 elementor-aspect-ratio-169 elementor-widget elementor-widget-video\" data-id=\"65f5e37\" data-element_type=\"widget\" data-settings=\"{&quot;youtube_url&quot;:&quot;https:\\\/\\\/www.youtube.com\\\/watch?v=Uc3SxgT4uCw&quot;,&quot;video_type&quot;:&quot;youtube&quot;,&quot;controls&quot;:&quot;yes&quot;,&quot;aspect_ratio&quot;:&quot;169&quot;}\" data-widget_type=\"video.default\">\n\t\t\t\t<div class=\"elementor-widget-container\">\n\t\t\t\t\t<div class=\"elementor-wrapper elementor-fit-aspect-ratio elementor-open-inline\">\n\t\t\t<div class=\"elementor-video\"><\/div>\t\t<\/div>\n\t\t\t\t<\/div>\n\t\t\t\t<\/div>\n\t\t\t\t\t<\/div>\n\t\t<\/div>\n\t\t\t\t<div class=\"elementor-column elementor-col-100 elementor-top-column elementor-element elementor-element-3c29a4c4\" data-id=\"3c29a4c4\" data-element_type=\"column\">\n\t\t\t<div class=\"elementor-widget-wrap elementor-element-populated\">\n\t\t\t\t\t\t\t\t<div class=\"elementor-element elementor-element-7acd7071 elementor-widget elementor-widget-text-editor\" data-id=\"7acd7071\" data-element_type=\"widget\" data-widget_type=\"text-editor.default\">\n\t\t\t\t<div class=\"elementor-widget-container\">\n\t\t\t\t\t\t\t\t<p><strong>&#8222;Ein guter Mix deines Songs ist der Schl\u00fcssel zum Erfolg..<\/strong><\/p>\t\t\t\t\t\t<\/div>\n\t\t\t\t<\/div>\n\t\t\t\t<div class=\"elementor-element elementor-element-9c4f15d elementor-widget elementor-widget-text-editor\" data-id=\"9c4f15d\" data-element_type=\"widget\" data-widget_type=\"text-editor.default\">\n\t\t\t\t<div class=\"elementor-widget-container\">\n\t\t\t\t\t\t\t\t\t\t\t\t\t\t<\/div>\n\t\t\t\t<\/div>\n\t\t\t\t\t<\/div>\n\t\t<\/div>\n\t\t\t\t\t\t\t<\/div>\n\t\t<\/section>\n\t\t\t\t<section class=\"elementor-section elementor-top-section elementor-element elementor-element-a1cdd10 elementor-section-boxed elementor-section-height-default elementor-section-height-default\" data-id=\"a1cdd10\" data-element_type=\"section\">\n\t\t\t\t\t\t<div class=\"elementor-container elementor-column-gap-default\">\n\t\t\t\t\t<div class=\"elementor-column elementor-col-100 elementor-top-column elementor-element elementor-element-8710a3c\" data-id=\"8710a3c\" data-element_type=\"column\">\n\t\t\t<div class=\"elementor-widget-wrap elementor-element-populated\">\n\t\t\t\t\t\t\t\t<div class=\"elementor-element elementor-element-461d3ae elementor-widget elementor-widget-text-editor\" data-id=\"461d3ae\" data-element_type=\"widget\" data-widget_type=\"text-editor.default\">\n\t\t\t\t<div class=\"elementor-widget-container\">\n\t\t\t\t\t\t\t\t<p><em>(Die hier gezeigten Videos dienen zur zus\u00e4tzlichen visuellen Veranschaulichung um einen kurzen Einblick zu bekommen was mit eurem Song passiert wenn ein Audioengineer wie ich Ihn bearbeite)<\/em><\/p><p><strong>Produktionsbausteine (auch Departments genannt)<\/strong><\/p><p><strong>Produktion &#8211; Mixing &#8211; Mastering.<\/strong><\/p><p>Alle drei sind essential und Bauen auf ein ander auf, fehlt einer der drei,\u00a0 werdet Ihr wahrscheinlich nicht konkurrieren k\u00f6nnen, ich m\u00f6chte euch dabei Helfen das beste aus eurer Produktion zu Hohlen.<\/p><p>Heut zu Tage ist es wichtiger eh und je Aufzufallen und aus der Masse zu Stechen, deshalb ist guter Sound um ab dingbar und eine wichtige und zielf\u00fchrende Investition auf jeden Fall wert.<\/p>\t\t\t\t\t\t<\/div>\n\t\t\t\t<\/div>\n\t\t\t\t\t<\/div>\n\t\t<\/div>\n\t\t\t\t\t\t\t<\/div>\n\t\t<\/section>\n\t\t\t\t<section class=\"elementor-section elementor-top-section elementor-element elementor-element-0e7e254 elementor-section-boxed elementor-section-height-default elementor-section-height-default\" data-id=\"0e7e254\" data-element_type=\"section\">\n\t\t\t\t\t\t<div class=\"elementor-container elementor-column-gap-default\">\n\t\t\t\t\t<div class=\"elementor-column elementor-col-100 elementor-top-column elementor-element elementor-element-fcd49a3\" data-id=\"fcd49a3\" data-element_type=\"column\">\n\t\t\t<div class=\"elementor-widget-wrap elementor-element-populated\">\n\t\t\t\t\t\t\t\t<div class=\"elementor-element elementor-element-82abd0e elementor-aspect-ratio-169 elementor-widget elementor-widget-video\" data-id=\"82abd0e\" data-element_type=\"widget\" data-settings=\"{&quot;youtube_url&quot;:&quot;https:\\\/\\\/www.youtube.com\\\/watch?v=HrXy9w6GnDA&quot;,&quot;video_type&quot;:&quot;youtube&quot;,&quot;controls&quot;:&quot;yes&quot;,&quot;aspect_ratio&quot;:&quot;169&quot;}\" data-widget_type=\"video.default\">\n\t\t\t\t<div class=\"elementor-widget-container\">\n\t\t\t\t\t<div class=\"elementor-wrapper elementor-fit-aspect-ratio elementor-open-inline\">\n\t\t\t<div class=\"elementor-video\"><\/div>\t\t<\/div>\n\t\t\t\t<\/div>\n\t\t\t\t<\/div>\n\t\t\t\t\t<\/div>\n\t\t<\/div>\n\t\t\t\t\t\t\t<\/div>\n\t\t<\/section>\n\t\t\t\t<section class=\"elementor-section elementor-top-section elementor-element elementor-element-d884bac elementor-section-boxed elementor-section-height-default elementor-section-height-default\" data-id=\"d884bac\" data-element_type=\"section\">\n\t\t\t\t\t\t<div class=\"elementor-container elementor-column-gap-default\">\n\t\t\t\t\t<div class=\"elementor-column elementor-col-100 elementor-top-column elementor-element elementor-element-a58a47c\" data-id=\"a58a47c\" data-element_type=\"column\">\n\t\t\t<div class=\"elementor-widget-wrap elementor-element-populated\">\n\t\t\t\t\t\t\t\t<div class=\"elementor-element elementor-element-e5be293 elementor-widget elementor-widget-text-editor\" data-id=\"e5be293\" data-element_type=\"widget\" data-widget_type=\"text-editor.default\">\n\t\t\t\t<div class=\"elementor-widget-container\">\n\t\t\t\t\t\t\t\t<p><strong>Abschlie\u00dfende Worte&#8230;<\/strong><\/p><p>Im Mix eures Songs werden alle Einzelspuren durch verschiede Prozesse wie Equlizing, Compression und speziellen Audioeffekten nochmals deutlich aufgewertet, das ganze erh\u00e4hlt dann eine gewisse Breite und Tiefe gepaart mit Druck und Durchsetzungsverm\u00f6gen. Wenn Ihr den Song fertig zur\u00fcck erhaltet, werdet Ihr erstaunt sein was Audiotechnisch so m\u00f6glich ist.<\/p>\t\t\t\t\t\t<\/div>\n\t\t\t\t<\/div>\n\t\t\t\t\t<\/div>\n\t\t<\/div>\n\t\t\t\t\t\t\t<\/div>\n\t\t<\/section>\n\t\t\t\t\t\t<\/div>\n\t\t\t\t\t<\/div>\n\t\t","protected":false},"excerpt":{"rendered":"<p>Professionelles Mixing &#038; Mastering Der Schl\u00fcssel zu einem erstklassigen Sound Du Hast einen Song aufgenommen oder produziert &#8211; aber es fehlt noch der letzte Feinschliff?\u00a0 Als Audioengineer sorge ich daf\u00fcr , dass dein Track professionell klingt, egal ob f\u00fcr Streaming, Radio oder Clubs. \u00a0Mixing\u00a0ich optimiere jede Spur deines Songs, balanciere Lautst\u00e4rken, setzte Effekte ein und [&hellip;]<\/p>\n","protected":false},"author":1,"featured_media":17,"parent":0,"menu_order":0,"comment_status":"closed","ping_status":"closed","template":"","meta":{"footnotes":""},"class_list":["post-47","page","type-page","status-publish","has-post-thumbnail","hentry"],"_links":{"self":[{"href":"https:\/\/dns-audio.com\/index.php\/wp-json\/wp\/v2\/pages\/47","targetHints":{"allow":["GET"]}}],"collection":[{"href":"https:\/\/dns-audio.com\/index.php\/wp-json\/wp\/v2\/pages"}],"about":[{"href":"https:\/\/dns-audio.com\/index.php\/wp-json\/wp\/v2\/types\/page"}],"author":[{"embeddable":true,"href":"https:\/\/dns-audio.com\/index.php\/wp-json\/wp\/v2\/users\/1"}],"replies":[{"embeddable":true,"href":"https:\/\/dns-audio.com\/index.php\/wp-json\/wp\/v2\/comments?post=47"}],"version-history":[{"count":85,"href":"https:\/\/dns-audio.com\/index.php\/wp-json\/wp\/v2\/pages\/47\/revisions"}],"predecessor-version":[{"id":378,"href":"https:\/\/dns-audio.com\/index.php\/wp-json\/wp\/v2\/pages\/47\/revisions\/378"}],"wp:featuredmedia":[{"embeddable":true,"href":"https:\/\/dns-audio.com\/index.php\/wp-json\/wp\/v2\/media\/17"}],"wp:attachment":[{"href":"https:\/\/dns-audio.com\/index.php\/wp-json\/wp\/v2\/media?parent=47"}],"curies":[{"name":"wp","href":"https:\/\/api.w.org\/{rel}","templated":true}]}}